{"id":51,"date":"2023-07-28T16:51:21","date_gmt":"2023-07-28T14:51:21","guid":{"rendered":"https:\/\/karateclubpazenais.fr\/?page_id=51"},"modified":"2025-09-24T23:37:30","modified_gmt":"2025-09-24T21:37:30","slug":"inscription","status":"publish","type":"page","link":"https:\/\/karateclubpazenais.fr\/index.php\/inscription\/","title":{"rendered":"Inscription"},"content":{"rendered":"\n<p>Vous trouverez ici l&rsquo;ensemble des informations n\u00e9cessaire pour votre inscription au KCP et \u00e0 la f\u00e9d\u00e9ration.<\/p>\n\n\n\n<p>Nos inscriptions auront lieu le <strong>jeudi 25 septembre 2025<\/strong> de <strong>18h30 \u00e0 20h30<\/strong> au <a href=\"https:\/\/karateclubpazenais.fr\/index.php\/dojo\/\">dojo de Sainte Pazanne<\/a><\/p>\n\n\n\n<p>Ci-dessous le r\u00e8glement int\u00e9rieur applicable au KCP (Karat\u00e9 Club Pazenais) :<\/p>\n\n\n\n<p><a href=\"http:\/\/karateclubpazenais.fr\/wp-content\/uploads\/2023\/07\/KCP-reglement-interieur-23-24.pdf\">R\u00e8glement int\u00e9rieur KCP<\/a><\/p>\n\n\n\n<p>La fiche de demande de LICENCE qui sera \u00e0 remplir pour les nouveaux adh\u00e9rents au KCP : <\/p>\n\n\n\n<p><a href=\"http:\/\/karateclubpazenais.fr\/wp-content\/uploads\/2023\/09\/DEMANDE_LICENCE_INTERNET_2023-2024_modifiable.pdf\">Fiche de renseignement FFKDA 24-2<\/a><a href=\"http:\/\/karateclubpazenais.fr\/wp-content\/uploads\/2024\/09\/DEMANDE_LICENCE_INTERNET_2024-2025_modifiable.pdf\">5<\/a><\/p>\n\n\n\n<p>Le questionnaire de sant\u00e9 pour les MINEURS (\u00e0 conserver par les parents) et l&rsquo;attestation \u00e0 fournir au KCP : <\/p>\n\n\n\n<p><a href=\"http:\/\/karateclubpazenais.fr\/wp-content\/uploads\/2023\/09\/Annexe-N\u00b01-QUESTIONNAIRE-A-DESTINATION-DES-LICENCIES-MINEURS_vf1.pdf\">Questionnaire de sant\u00e9 pour les licenci\u00e9s MINEURS<\/a><\/p>\n\n\n\n<p><a href=\"http:\/\/karateclubpazenais.fr\/wp-content\/uploads\/2023\/07\/Annexe-N\u00b02-ATTESTATION-SUR-LHONNEUR-SPORTIF-MINEUR_vf1.pdf\">Attestation m\u00e9dicale MINEUR<\/a><\/p>\n\n\n\n<p>Le questionnaire (\u00e0 conserver par l&rsquo;adh\u00e9rent) et l&rsquo;attestation de sant\u00e9 pour les MAJEURS \u00e0 fournir au KCP : <\/p>\n\n\n\n<p><a href=\"http:\/\/karateclubpazenais.fr\/wp-content\/uploads\/2023\/09\/cerfa_15699-01.pdf\">Questionnaire de sant\u00e9 pour les licenci\u00e9s MAJEURS<\/a><\/p>\n\n\n\n<p><a href=\"http:\/\/karateclubpazenais.fr\/wp-content\/uploads\/2023\/07\/Annexe-N\u00b04-ATTESTATION-SUR-LHONNEUR-SPORTIF-MAJEUR_vf.pdf\">Attestation m\u00e9dicale MAJEUR<\/a><\/p>\n\n\n\n<h4 class=\"wp-block-heading has-text-align-center\">Site de paiement en ligne pour le Karat\u00e9 Club Pazenais Saison 2025-2026 :<\/h4>\n\n\n\n<p class=\"has-text-align-center\"><a href=\"https:\/\/www.payasso.fr\/karate-club-pazenais\/cotisation25-26\" target=\"_blank\" rel=\"noreferrer noopener\">https:\/\/www.payasso.fr\/karate-club-pazenais\/cotisation25-26<\/a><\/p>\n","protected":false},"excerpt":{"rendered":"<p>Vous trouverez ici l&rsquo;ensemble des informations n\u00e9cessaire pour votre inscription au KCP et \u00e0 la f\u00e9d\u00e9ration. Nos inscriptions auront lieu le jeudi 25 septembre 2025 de 18h30 \u00e0 20h30 au dojo de Sainte Pazanne Ci-dessous le r\u00e8glement int\u00e9rieur applicable au KCP (Karat\u00e9 Club Pazenais) : R\u00e8glement int\u00e9rieur KCP La fiche de demande de LICENCE qui [&hellip;]<\/p>\n","protected":false},"author":1,"featured_media":0,"parent":0,"menu_order":0,"comment_status":"closed","ping_status":"closed","template":"","meta":{"footnotes":""},"class_list":["post-51","page","type-page","status-publish","hentry"],"yoast_head":"<!-- This site is optimized with the Yoast SEO plugin v27.4 - https:\/\/yoast.com\/product\/yoast-seo-wordpress\/ -->\n<title>Inscription - Karat\u00e9 Club Pazenais<\/title>\n<meta name=\"robots\" content=\"index, follow, max-snippet:-1, max-image-preview:large, max-video-preview:-1\" \/>\n<link rel=\"canonical\" href=\"https:\/\/karateclubpazenais.fr\/index.php\/inscription\/\" \/>\n<meta property=\"og:locale\" content=\"fr_FR\" \/>\n<meta property=\"og:type\" content=\"article\" \/>\n<meta property=\"og:title\" content=\"Inscription - Karat\u00e9 Club Pazenais\" \/>\n<meta property=\"og:description\" content=\"Vous trouverez ici l&rsquo;ensemble des informations n\u00e9cessaire pour votre inscription au KCP et \u00e0 la f\u00e9d\u00e9ration. Nos inscriptions auront lieu le jeudi 25 septembre 2025 de 18h30 \u00e0 20h30 au dojo de Sainte Pazanne Ci-dessous le r\u00e8glement int\u00e9rieur applicable au KCP (Karat\u00e9 Club Pazenais) : R\u00e8glement int\u00e9rieur KCP La fiche de demande de LICENCE qui [&hellip;]\" \/>\n<meta property=\"og:url\" content=\"https:\/\/karateclubpazenais.fr\/index.php\/inscription\/\" \/>\n<meta property=\"og:site_name\" content=\"Karat\u00e9 Club Pazenais\" \/>\n<meta property=\"article:publisher\" content=\"https:\/\/www.facebook.com\/p\/Karat-Club-Pazenais-100057447939303\/\" \/>\n<meta property=\"article:modified_time\" content=\"2025-09-24T21:37:30+00:00\" \/>\n<meta name=\"twitter:card\" content=\"summary_large_image\" \/>\n<meta name=\"twitter:label1\" content=\"Dur\u00e9e de lecture estim\u00e9e\" \/>\n\t<meta name=\"twitter:data1\" content=\"1 minute\" \/>\n<script type=\"application\/ld+json\" class=\"yoast-schema-graph\">{\"@context\":\"https:\\\/\\\/schema.org\",\"@graph\":[{\"@type\":\"WebPage\",\"@id\":\"https:\\\/\\\/karateclubpazenais.fr\\\/index.php\\\/inscription\\\/\",\"url\":\"https:\\\/\\\/karateclubpazenais.fr\\\/index.php\\\/inscription\\\/\",\"name\":\"Inscription - Karat\u00e9 Club Pazenais\",\"isPartOf\":{\"@id\":\"https:\\\/\\\/karateclubpazenais.fr\\\/#website\"},\"datePublished\":\"2023-07-28T14:51:21+00:00\",\"dateModified\":\"2025-09-24T21:37:30+00:00\",\"breadcrumb\":{\"@id\":\"https:\\\/\\\/karateclubpazenais.fr\\\/index.php\\\/inscription\\\/#breadcrumb\"},\"inLanguage\":\"fr-FR\",\"potentialAction\":[{\"@type\":\"ReadAction\",\"target\":[\"https:\\\/\\\/karateclubpazenais.fr\\\/index.php\\\/inscription\\\/\"]}]},{\"@type\":\"BreadcrumbList\",\"@id\":\"https:\\\/\\\/karateclubpazenais.fr\\\/index.php\\\/inscription\\\/#breadcrumb\",\"itemListElement\":[{\"@type\":\"ListItem\",\"position\":1,\"name\":\"Accueil\",\"item\":\"https:\\\/\\\/karateclubpazenais.fr\\\/\"},{\"@type\":\"ListItem\",\"position\":2,\"name\":\"Inscription\"}]},{\"@type\":\"WebSite\",\"@id\":\"https:\\\/\\\/karateclubpazenais.fr\\\/#website\",\"url\":\"https:\\\/\\\/karateclubpazenais.fr\\\/\",\"name\":\"Karat\u00e9 Club Pazenais\",\"description\":\"Bienvenue sur le site du KCP : Saison 2025-2026\",\"publisher\":{\"@id\":\"https:\\\/\\\/karateclubpazenais.fr\\\/#organization\"},\"potentialAction\":[{\"@type\":\"SearchAction\",\"target\":{\"@type\":\"EntryPoint\",\"urlTemplate\":\"https:\\\/\\\/karateclubpazenais.fr\\\/?s={search_term_string}\"},\"query-input\":{\"@type\":\"PropertyValueSpecification\",\"valueRequired\":true,\"valueName\":\"search_term_string\"}}],\"inLanguage\":\"fr-FR\"},{\"@type\":\"Organization\",\"@id\":\"https:\\\/\\\/karateclubpazenais.fr\\\/#organization\",\"name\":\"Karat\u00e9 Club Pazenais\",\"url\":\"https:\\\/\\\/karateclubpazenais.fr\\\/\",\"logo\":{\"@type\":\"ImageObject\",\"inLanguage\":\"fr-FR\",\"@id\":\"https:\\\/\\\/karateclubpazenais.fr\\\/#\\\/schema\\\/logo\\\/image\\\/\",\"url\":\"https:\\\/\\\/karateclubpazenais.fr\\\/wp-content\\\/uploads\\\/2023\\\/07\\\/KCP-banniere-2023-FULL-v2.0.webp\",\"contentUrl\":\"https:\\\/\\\/karateclubpazenais.fr\\\/wp-content\\\/uploads\\\/2023\\\/07\\\/KCP-banniere-2023-FULL-v2.0.webp\",\"width\":690,\"height\":80,\"caption\":\"Karat\u00e9 Club Pazenais\"},\"image\":{\"@id\":\"https:\\\/\\\/karateclubpazenais.fr\\\/#\\\/schema\\\/logo\\\/image\\\/\"},\"sameAs\":[\"https:\\\/\\\/www.facebook.com\\\/p\\\/Karat-Club-Pazenais-100057447939303\\\/\"]}]}<\/script>\n<!-- \/ Yoast SEO plugin. -->","yoast_head_json":{"title":"Inscription - Karat\u00e9 Club Pazenais","robots":{"index":"index","follow":"follow","max-snippet":"max-snippet:-1","max-image-preview":"max-image-preview:large","max-video-preview":"max-video-preview:-1"},"canonical":"https:\/\/karateclubpazenais.fr\/index.php\/inscription\/","og_locale":"fr_FR","og_type":"article","og_title":"Inscription - Karat\u00e9 Club Pazenais","og_description":"Vous trouverez ici l&rsquo;ensemble des informations n\u00e9cessaire pour votre inscription au KCP et \u00e0 la f\u00e9d\u00e9ration. Nos inscriptions auront lieu le jeudi 25 septembre 2025 de 18h30 \u00e0 20h30 au dojo de Sainte Pazanne Ci-dessous le r\u00e8glement int\u00e9rieur applicable au KCP (Karat\u00e9 Club Pazenais) : R\u00e8glement int\u00e9rieur KCP La fiche de demande de LICENCE qui [&hellip;]","og_url":"https:\/\/karateclubpazenais.fr\/index.php\/inscription\/","og_site_name":"Karat\u00e9 Club Pazenais","article_publisher":"https:\/\/www.facebook.com\/p\/Karat-Club-Pazenais-100057447939303\/","article_modified_time":"2025-09-24T21:37:30+00:00","twitter_card":"summary_large_image","twitter_misc":{"Dur\u00e9e de lecture estim\u00e9e":"1 minute"},"schema":{"@context":"https:\/\/schema.org","@graph":[{"@type":"WebPage","@id":"https:\/\/karateclubpazenais.fr\/index.php\/inscription\/","url":"https:\/\/karateclubpazenais.fr\/index.php\/inscription\/","name":"Inscription - Karat\u00e9 Club Pazenais","isPartOf":{"@id":"https:\/\/karateclubpazenais.fr\/#website"},"datePublished":"2023-07-28T14:51:21+00:00","dateModified":"2025-09-24T21:37:30+00:00","breadcrumb":{"@id":"https:\/\/karateclubpazenais.fr\/index.php\/inscription\/#breadcrumb"},"inLanguage":"fr-FR","potentialAction":[{"@type":"ReadAction","target":["https:\/\/karateclubpazenais.fr\/index.php\/inscription\/"]}]},{"@type":"BreadcrumbList","@id":"https:\/\/karateclubpazenais.fr\/index.php\/inscription\/#breadcrumb","itemListElement":[{"@type":"ListItem","position":1,"name":"Accueil","item":"https:\/\/karateclubpazenais.fr\/"},{"@type":"ListItem","position":2,"name":"Inscription"}]},{"@type":"WebSite","@id":"https:\/\/karateclubpazenais.fr\/#website","url":"https:\/\/karateclubpazenais.fr\/","name":"Karat\u00e9 Club Pazenais","description":"Bienvenue sur le site du KCP : Saison 2025-2026","publisher":{"@id":"https:\/\/karateclubpazenais.fr\/#organization"},"potentialAction":[{"@type":"SearchAction","target":{"@type":"EntryPoint","urlTemplate":"https:\/\/karateclubpazenais.fr\/?s={search_term_string}"},"query-input":{"@type":"PropertyValueSpecification","valueRequired":true,"valueName":"search_term_string"}}],"inLanguage":"fr-FR"},{"@type":"Organization","@id":"https:\/\/karateclubpazenais.fr\/#organization","name":"Karat\u00e9 Club Pazenais","url":"https:\/\/karateclubpazenais.fr\/","logo":{"@type":"ImageObject","inLanguage":"fr-FR","@id":"https:\/\/karateclubpazenais.fr\/#\/schema\/logo\/image\/","url":"https:\/\/karateclubpazenais.fr\/wp-content\/uploads\/2023\/07\/KCP-banniere-2023-FULL-v2.0.webp","contentUrl":"https:\/\/karateclubpazenais.fr\/wp-content\/uploads\/2023\/07\/KCP-banniere-2023-FULL-v2.0.webp","width":690,"height":80,"caption":"Karat\u00e9 Club Pazenais"},"image":{"@id":"https:\/\/karateclubpazenais.fr\/#\/schema\/logo\/image\/"},"sameAs":["https:\/\/www.facebook.com\/p\/Karat-Club-Pazenais-100057447939303\/"]}]}},"_links":{"self":[{"href":"https:\/\/karateclubpazenais.fr\/index.php\/wp-json\/wp\/v2\/pages\/51","targetHints":{"allow":["GET"]}}],"collection":[{"href":"https:\/\/karateclubpazenais.fr\/index.php\/wp-json\/wp\/v2\/pages"}],"about":[{"href":"https:\/\/karateclubpazenais.fr\/index.php\/wp-json\/wp\/v2\/types\/page"}],"author":[{"embeddable":true,"href":"https:\/\/karateclubpazenais.fr\/index.php\/wp-json\/wp\/v2\/users\/1"}],"replies":[{"embeddable":true,"href":"https:\/\/karateclubpazenais.fr\/index.php\/wp-json\/wp\/v2\/comments?post=51"}],"version-history":[{"count":22,"href":"https:\/\/karateclubpazenais.fr\/index.php\/wp-json\/wp\/v2\/pages\/51\/revisions"}],"predecessor-version":[{"id":422,"href":"https:\/\/karateclubpazenais.fr\/index.php\/wp-json\/wp\/v2\/pages\/51\/revisions\/422"}],"wp:attachment":[{"href":"https:\/\/karateclubpazenais.fr\/index.php\/wp-json\/wp\/v2\/media?parent=51"}],"curies":[{"name":"wp","href":"https:\/\/api.w.org\/{rel}","templated":true}]}}