{"id":171,"date":"2023-07-28T17:58:51","date_gmt":"2023-07-28T15:58:51","guid":{"rendered":"https:\/\/karateclubpazenais.fr\/?page_id=171"},"modified":"2025-08-28T09:39:28","modified_gmt":"2025-08-28T07:39:28","slug":"dojo","status":"publish","type":"page","link":"https:\/\/karateclubpazenais.fr\/index.php\/dojo\/","title":{"rendered":"Dojo"},"content":{"rendered":"\t\t<div data-elementor-type=\"wp-page\" data-elementor-id=\"171\" class=\"elementor elementor-171\">\n\t\t\t\t\t\t<section class=\"elementor-section elementor-top-section elementor-element elementor-element-22030de elementor-section-boxed elementor-section-height-default elementor-section-height-default\" data-id=\"22030de\" data-element_type=\"section\" data-e-type=\"section\">\n\t\t\t\t\t\t<div class=\"elementor-container elementor-column-gap-default\">\n\t\t\t\t\t<div class=\"elementor-column elementor-col-50 elementor-top-column elementor-element elementor-element-f094056\" data-id=\"f094056\" data-element_type=\"column\" data-e-type=\"column\">\n\t\t\t<div class=\"elementor-widget-wrap elementor-element-populated\">\n\t\t\t\t\t\t<div class=\"elementor-element elementor-element-6acb236 elementor-widget elementor-widget-text-editor\" data-id=\"6acb236\" data-element_type=\"widget\" data-e-type=\"widget\" data-widget_type=\"text-editor.default\">\n\t\t\t\t<div class=\"elementor-widget-container\">\n\t\t\t\t\t\t\t\t\t<h5>N<b>otre DOJO est situ\u00e9 \u00e0 Sainte Pazanne : <\/b><\/h5><div>Complexe Armand GAUVRIT<br \/>1- 9 Avenue des sports<br \/>44680 Sainte Pazanne<\/div>\t\t\t\t\t\t\t\t<\/div>\n\t\t\t\t<\/div>\n\t\t\t\t\t<\/div>\n\t\t<\/div>\n\t\t\t\t<div class=\"elementor-column elementor-col-50 elementor-top-column elementor-element elementor-element-5a690dc\" data-id=\"5a690dc\" data-element_type=\"column\" data-e-type=\"column\">\n\t\t\t<div class=\"elementor-widget-wrap elementor-element-populated\">\n\t\t\t\t\t\t<div class=\"elementor-element elementor-element-5d92ae3 elementor-widget elementor-widget-image\" data-id=\"5d92ae3\" data-element_type=\"widget\" data-e-type=\"widget\" data-widget_type=\"image.default\">\n\t\t\t\t<div class=\"elementor-widget-container\">\n\t\t\t\t\t\t\t\t\t\t\t\t\t\t\t<img fetchpriority=\"high\" decoding=\"async\" width=\"1024\" height=\"720\" src=\"https:\/\/karateclubpazenais.fr\/wp-content\/uploads\/2023\/07\/KCP-logo-v2022-final-v1.4-1024x720.webp\" class=\"attachment-large size-large wp-image-7\" alt=\"\" srcset=\"https:\/\/karateclubpazenais.fr\/wp-content\/uploads\/2023\/07\/KCP-logo-v2022-final-v1.4-1024x720.webp 1024w, https:\/\/karateclubpazenais.fr\/wp-content\/uploads\/2023\/07\/KCP-logo-v2022-final-v1.4-300x211.webp 300w, https:\/\/karateclubpazenais.fr\/wp-content\/uploads\/2023\/07\/KCP-logo-v2022-final-v1.4-768x540.webp 768w, https:\/\/karateclubpazenais.fr\/wp-content\/uploads\/2023\/07\/KCP-logo-v2022-final-v1.4.webp 1054w\" sizes=\"(max-width: 1024px) 100vw, 1024px\" \/>\t\t\t\t\t\t\t\t\t\t\t\t\t\t\t<\/div>\n\t\t\t\t<\/div>\n\t\t\t\t\t<\/div>\n\t\t<\/div>\n\t\t\t\t\t<\/div>\n\t\t<\/section>\n\t\t\t\t<section class=\"elementor-section elementor-top-section elementor-element elementor-element-d5e9d64 elementor-section-boxed elementor-section-height-default elementor-section-height-default\" data-id=\"d5e9d64\" data-element_type=\"section\" data-e-type=\"section\">\n\t\t\t\t\t\t<div class=\"elementor-container elementor-column-gap-default\">\n\t\t\t\t\t<div class=\"elementor-column elementor-col-100 elementor-top-column elementor-element elementor-element-ae91345\" data-id=\"ae91345\" data-element_type=\"column\" data-e-type=\"column\">\n\t\t\t<div class=\"elementor-widget-wrap elementor-element-populated\">\n\t\t\t\t\t\t<div class=\"elementor-element elementor-element-b38ca81 elementor-widget elementor-widget-google_maps\" data-id=\"b38ca81\" data-element_type=\"widget\" data-e-type=\"widget\" data-widget_type=\"google_maps.default\">\n\t\t\t\t<div class=\"elementor-widget-container\">\n\t\t\t\t\t\t\t<div class=\"elementor-custom-embed\">\n\t\t\t<iframe loading=\"lazy\"\n\t\t\t\t\tsrc=\"https:\/\/maps.google.com\/maps?q=Complexe%20Armant%20GAUVRIT%2C%20Av.%20des%20Sports%2C%2044680%20Sainte-Pazanne&#038;t=m&#038;z=15&#038;output=embed&#038;iwloc=near\"\n\t\t\t\t\ttitle=\"Complexe Armant GAUVRIT, Av. des Sports, 44680 Sainte-Pazanne\"\n\t\t\t\t\taria-label=\"Complexe Armant GAUVRIT, Av. des Sports, 44680 Sainte-Pazanne\"\n\t\t\t><\/iframe>\n\t\t<\/div>\n\t\t\t\t\t\t<\/div>\n\t\t\t\t<\/div>\n\t\t\t\t\t<\/div>\n\t\t<\/div>\n\t\t\t\t\t<\/div>\n\t\t<\/section>\n\t\t\t\t<\/div>\n\t\t","protected":false},"excerpt":{"rendered":"<p>Notre DOJO est situ\u00e9 \u00e0 Sainte Pazanne : Complexe Armand GAUVRIT1- 9 Avenue des sports44680 Sainte Pazanne<\/p>\n","protected":false},"author":1,"featured_media":0,"parent":0,"menu_order":0,"comment_status":"closed","ping_status":"closed","template":"","meta":{"footnotes":""},"class_list":["post-171","page","type-page","status-publish","hentry"],"yoast_head":"<!-- This site is optimized with the Yoast SEO plugin v27.4 - https:\/\/yoast.com\/product\/yoast-seo-wordpress\/ -->\n<title>Dojo - Karat\u00e9 Club Pazenais<\/title>\n<meta name=\"robots\" content=\"index, follow, max-snippet:-1, max-image-preview:large, max-video-preview:-1\" \/>\n<link rel=\"canonical\" href=\"https:\/\/karateclubpazenais.fr\/index.php\/dojo\/\" \/>\n<meta property=\"og:locale\" content=\"fr_FR\" \/>\n<meta property=\"og:type\" content=\"article\" \/>\n<meta property=\"og:title\" content=\"Dojo - Karat\u00e9 Club Pazenais\" \/>\n<meta property=\"og:description\" content=\"Notre DOJO est situ\u00e9 \u00e0 Sainte Pazanne : Complexe Armand GAUVRIT1- 9 Avenue des sports44680 Sainte Pazanne\" \/>\n<meta property=\"og:url\" content=\"https:\/\/karateclubpazenais.fr\/index.php\/dojo\/\" \/>\n<meta property=\"og:site_name\" content=\"Karat\u00e9 Club Pazenais\" \/>\n<meta property=\"article:publisher\" content=\"https:\/\/www.facebook.com\/p\/Karat-Club-Pazenais-100057447939303\/\" \/>\n<meta property=\"article:modified_time\" content=\"2025-08-28T07:39:28+00:00\" \/>\n<meta property=\"og:image\" content=\"http:\/\/karateclubpazenais.fr\/wp-content\/uploads\/2023\/07\/KCP-logo-v2022-final-v1.4-1024x720.webp\" \/>\n<meta name=\"twitter:card\" content=\"summary_large_image\" \/>\n<meta name=\"twitter:label1\" content=\"Dur\u00e9e de lecture estim\u00e9e\" \/>\n\t<meta name=\"twitter:data1\" content=\"1 minute\" \/>\n<script type=\"application\/ld+json\" class=\"yoast-schema-graph\">{\"@context\":\"https:\\\/\\\/schema.org\",\"@graph\":[{\"@type\":\"WebPage\",\"@id\":\"https:\\\/\\\/karateclubpazenais.fr\\\/index.php\\\/dojo\\\/\",\"url\":\"https:\\\/\\\/karateclubpazenais.fr\\\/index.php\\\/dojo\\\/\",\"name\":\"Dojo - Karat\u00e9 Club Pazenais\",\"isPartOf\":{\"@id\":\"https:\\\/\\\/karateclubpazenais.fr\\\/#website\"},\"primaryImageOfPage\":{\"@id\":\"https:\\\/\\\/karateclubpazenais.fr\\\/index.php\\\/dojo\\\/#primaryimage\"},\"image\":{\"@id\":\"https:\\\/\\\/karateclubpazenais.fr\\\/index.php\\\/dojo\\\/#primaryimage\"},\"thumbnailUrl\":\"http:\\\/\\\/karateclubpazenais.fr\\\/wp-content\\\/uploads\\\/2023\\\/07\\\/KCP-logo-v2022-final-v1.4-1024x720.webp\",\"datePublished\":\"2023-07-28T15:58:51+00:00\",\"dateModified\":\"2025-08-28T07:39:28+00:00\",\"breadcrumb\":{\"@id\":\"https:\\\/\\\/karateclubpazenais.fr\\\/index.php\\\/dojo\\\/#breadcrumb\"},\"inLanguage\":\"fr-FR\",\"potentialAction\":[{\"@type\":\"ReadAction\",\"target\":[\"https:\\\/\\\/karateclubpazenais.fr\\\/index.php\\\/dojo\\\/\"]}]},{\"@type\":\"ImageObject\",\"inLanguage\":\"fr-FR\",\"@id\":\"https:\\\/\\\/karateclubpazenais.fr\\\/index.php\\\/dojo\\\/#primaryimage\",\"url\":\"https:\\\/\\\/karateclubpazenais.fr\\\/wp-content\\\/uploads\\\/2023\\\/07\\\/KCP-logo-v2022-final-v1.4.webp\",\"contentUrl\":\"https:\\\/\\\/karateclubpazenais.fr\\\/wp-content\\\/uploads\\\/2023\\\/07\\\/KCP-logo-v2022-final-v1.4.webp\",\"width\":1054,\"height\":741},{\"@type\":\"BreadcrumbList\",\"@id\":\"https:\\\/\\\/karateclubpazenais.fr\\\/index.php\\\/dojo\\\/#breadcrumb\",\"itemListElement\":[{\"@type\":\"ListItem\",\"position\":1,\"name\":\"Accueil\",\"item\":\"https:\\\/\\\/karateclubpazenais.fr\\\/\"},{\"@type\":\"ListItem\",\"position\":2,\"name\":\"Dojo\"}]},{\"@type\":\"WebSite\",\"@id\":\"https:\\\/\\\/karateclubpazenais.fr\\\/#website\",\"url\":\"https:\\\/\\\/karateclubpazenais.fr\\\/\",\"name\":\"Karat\u00e9 Club Pazenais\",\"description\":\"Bienvenue sur le site du KCP : Saison 2025-2026\",\"publisher\":{\"@id\":\"https:\\\/\\\/karateclubpazenais.fr\\\/#organization\"},\"potentialAction\":[{\"@type\":\"SearchAction\",\"target\":{\"@type\":\"EntryPoint\",\"urlTemplate\":\"https:\\\/\\\/karateclubpazenais.fr\\\/?s={search_term_string}\"},\"query-input\":{\"@type\":\"PropertyValueSpecification\",\"valueRequired\":true,\"valueName\":\"search_term_string\"}}],\"inLanguage\":\"fr-FR\"},{\"@type\":\"Organization\",\"@id\":\"https:\\\/\\\/karateclubpazenais.fr\\\/#organization\",\"name\":\"Karat\u00e9 Club Pazenais\",\"url\":\"https:\\\/\\\/karateclubpazenais.fr\\\/\",\"logo\":{\"@type\":\"ImageObject\",\"inLanguage\":\"fr-FR\",\"@id\":\"https:\\\/\\\/karateclubpazenais.fr\\\/#\\\/schema\\\/logo\\\/image\\\/\",\"url\":\"https:\\\/\\\/karateclubpazenais.fr\\\/wp-content\\\/uploads\\\/2023\\\/07\\\/KCP-banniere-2023-FULL-v2.0.webp\",\"contentUrl\":\"https:\\\/\\\/karateclubpazenais.fr\\\/wp-content\\\/uploads\\\/2023\\\/07\\\/KCP-banniere-2023-FULL-v2.0.webp\",\"width\":690,\"height\":80,\"caption\":\"Karat\u00e9 Club Pazenais\"},\"image\":{\"@id\":\"https:\\\/\\\/karateclubpazenais.fr\\\/#\\\/schema\\\/logo\\\/image\\\/\"},\"sameAs\":[\"https:\\\/\\\/www.facebook.com\\\/p\\\/Karat-Club-Pazenais-100057447939303\\\/\"]}]}<\/script>\n<!-- \/ Yoast SEO plugin. -->","yoast_head_json":{"title":"Dojo - Karat\u00e9 Club Pazenais","robots":{"index":"index","follow":"follow","max-snippet":"max-snippet:-1","max-image-preview":"max-image-preview:large","max-video-preview":"max-video-preview:-1"},"canonical":"https:\/\/karateclubpazenais.fr\/index.php\/dojo\/","og_locale":"fr_FR","og_type":"article","og_title":"Dojo - Karat\u00e9 Club Pazenais","og_description":"Notre DOJO est situ\u00e9 \u00e0 Sainte Pazanne : Complexe Armand GAUVRIT1- 9 Avenue des sports44680 Sainte Pazanne","og_url":"https:\/\/karateclubpazenais.fr\/index.php\/dojo\/","og_site_name":"Karat\u00e9 Club Pazenais","article_publisher":"https:\/\/www.facebook.com\/p\/Karat-Club-Pazenais-100057447939303\/","article_modified_time":"2025-08-28T07:39:28+00:00","og_image":[{"url":"http:\/\/karateclubpazenais.fr\/wp-content\/uploads\/2023\/07\/KCP-logo-v2022-final-v1.4-1024x720.webp","type":"","width":"","height":""}],"twitter_card":"summary_large_image","twitter_misc":{"Dur\u00e9e de lecture estim\u00e9e":"1 minute"},"schema":{"@context":"https:\/\/schema.org","@graph":[{"@type":"WebPage","@id":"https:\/\/karateclubpazenais.fr\/index.php\/dojo\/","url":"https:\/\/karateclubpazenais.fr\/index.php\/dojo\/","name":"Dojo - Karat\u00e9 Club Pazenais","isPartOf":{"@id":"https:\/\/karateclubpazenais.fr\/#website"},"primaryImageOfPage":{"@id":"https:\/\/karateclubpazenais.fr\/index.php\/dojo\/#primaryimage"},"image":{"@id":"https:\/\/karateclubpazenais.fr\/index.php\/dojo\/#primaryimage"},"thumbnailUrl":"http:\/\/karateclubpazenais.fr\/wp-content\/uploads\/2023\/07\/KCP-logo-v2022-final-v1.4-1024x720.webp","datePublished":"2023-07-28T15:58:51+00:00","dateModified":"2025-08-28T07:39:28+00:00","breadcrumb":{"@id":"https:\/\/karateclubpazenais.fr\/index.php\/dojo\/#breadcrumb"},"inLanguage":"fr-FR","potentialAction":[{"@type":"ReadAction","target":["https:\/\/karateclubpazenais.fr\/index.php\/dojo\/"]}]},{"@type":"ImageObject","inLanguage":"fr-FR","@id":"https:\/\/karateclubpazenais.fr\/index.php\/dojo\/#primaryimage","url":"https:\/\/karateclubpazenais.fr\/wp-content\/uploads\/2023\/07\/KCP-logo-v2022-final-v1.4.webp","contentUrl":"https:\/\/karateclubpazenais.fr\/wp-content\/uploads\/2023\/07\/KCP-logo-v2022-final-v1.4.webp","width":1054,"height":741},{"@type":"BreadcrumbList","@id":"https:\/\/karateclubpazenais.fr\/index.php\/dojo\/#breadcrumb","itemListElement":[{"@type":"ListItem","position":1,"name":"Accueil","item":"https:\/\/karateclubpazenais.fr\/"},{"@type":"ListItem","position":2,"name":"Dojo"}]},{"@type":"WebSite","@id":"https:\/\/karateclubpazenais.fr\/#website","url":"https:\/\/karateclubpazenais.fr\/","name":"Karat\u00e9 Club Pazenais","description":"Bienvenue sur le site du KCP : Saison 2025-2026","publisher":{"@id":"https:\/\/karateclubpazenais.fr\/#organization"},"potentialAction":[{"@type":"SearchAction","target":{"@type":"EntryPoint","urlTemplate":"https:\/\/karateclubpazenais.fr\/?s={search_term_string}"},"query-input":{"@type":"PropertyValueSpecification","valueRequired":true,"valueName":"search_term_string"}}],"inLanguage":"fr-FR"},{"@type":"Organization","@id":"https:\/\/karateclubpazenais.fr\/#organization","name":"Karat\u00e9 Club Pazenais","url":"https:\/\/karateclubpazenais.fr\/","logo":{"@type":"ImageObject","inLanguage":"fr-FR","@id":"https:\/\/karateclubpazenais.fr\/#\/schema\/logo\/image\/","url":"https:\/\/karateclubpazenais.fr\/wp-content\/uploads\/2023\/07\/KCP-banniere-2023-FULL-v2.0.webp","contentUrl":"https:\/\/karateclubpazenais.fr\/wp-content\/uploads\/2023\/07\/KCP-banniere-2023-FULL-v2.0.webp","width":690,"height":80,"caption":"Karat\u00e9 Club Pazenais"},"image":{"@id":"https:\/\/karateclubpazenais.fr\/#\/schema\/logo\/image\/"},"sameAs":["https:\/\/www.facebook.com\/p\/Karat-Club-Pazenais-100057447939303\/"]}]}},"_links":{"self":[{"href":"https:\/\/karateclubpazenais.fr\/index.php\/wp-json\/wp\/v2\/pages\/171","targetHints":{"allow":["GET"]}}],"collection":[{"href":"https:\/\/karateclubpazenais.fr\/index.php\/wp-json\/wp\/v2\/pages"}],"about":[{"href":"https:\/\/karateclubpazenais.fr\/index.php\/wp-json\/wp\/v2\/types\/page"}],"author":[{"embeddable":true,"href":"https:\/\/karateclubpazenais.fr\/index.php\/wp-json\/wp\/v2\/users\/1"}],"replies":[{"embeddable":true,"href":"https:\/\/karateclubpazenais.fr\/index.php\/wp-json\/wp\/v2\/comments?post=171"}],"version-history":[{"count":29,"href":"https:\/\/karateclubpazenais.fr\/index.php\/wp-json\/wp\/v2\/pages\/171\/revisions"}],"predecessor-version":[{"id":398,"href":"https:\/\/karateclubpazenais.fr\/index.php\/wp-json\/wp\/v2\/pages\/171\/revisions\/398"}],"wp:attachment":[{"href":"https:\/\/karateclubpazenais.fr\/index.php\/wp-json\/wp\/v2\/media?parent=171"}],"curies":[{"name":"wp","href":"https:\/\/api.w.org\/{rel}","templated":true}]}}