{"id":17,"date":"2023-07-28T11:23:41","date_gmt":"2023-07-28T09:23:41","guid":{"rendered":"https:\/\/karateclubpazenais.fr\/?page_id=17"},"modified":"2025-09-03T15:02:09","modified_gmt":"2025-09-03T13:02:09","slug":"accueil2","status":"publish","type":"page","link":"https:\/\/karateclubpazenais.fr\/","title":{"rendered":"Accueil"},"content":{"rendered":"\t\t<div data-elementor-type=\"wp-page\" data-elementor-id=\"17\" class=\"elementor elementor-17\">\n\t\t\t\t\t\t<section class=\"elementor-section elementor-top-section elementor-element elementor-element-6a2be632 elementor-section-boxed elementor-section-height-default elementor-section-height-default\" data-id=\"6a2be632\" data-element_type=\"section\" data-e-type=\"section\">\n\t\t\t\t\t\t<div class=\"elementor-container elementor-column-gap-default\">\n\t\t\t\t\t<div class=\"elementor-column elementor-col-100 elementor-top-column elementor-element elementor-element-5d48f8a4\" data-id=\"5d48f8a4\" data-element_type=\"column\" data-e-type=\"column\">\n\t\t\t<div class=\"elementor-widget-wrap elementor-element-populated\">\n\t\t\t\t\t\t<div class=\"elementor-element elementor-element-110699ff elementor-widget elementor-widget-text-editor\" data-id=\"110699ff\" data-element_type=\"widget\" data-e-type=\"widget\" data-widget_type=\"text-editor.default\">\n\t\t\t\t<div class=\"elementor-widget-container\">\n\t\t\t\t\t\t\t\t\t<p>Bienvenue \u00e0 tous au <strong>Karat\u00e9 Club Pazenais<\/strong> (<strong>KCP<\/strong>)<\/p>\n<p><!-- \/wp:paragraph --><\/p>\n<p><!-- wp:paragraph --><\/p>\n<p>Nous vous encourageons \u00e0 suivre la page de <strong><a href=\"https:\/\/karateclubpazenais.fr\/index.php\/news-du-kcp\/\">NEWS<\/a><\/strong> ou le <strong><a href=\"https:\/\/www.facebook.com\/p\/Karat%C3%A9-Club-Pazenais-100057447939303\/\" target=\"_blank\" rel=\"noreferrer noopener\">FACEBOOK<\/a><\/strong> pour disposer des derni\u00e8res informations du <strong>KCP<\/strong>.<\/p>\n<p><!-- \/wp:paragraph --><\/p>\n<p><!-- wp:paragraph --><\/p>\n<p>Vous trouverez sur le site de la <a href=\"https:\/\/www.ffkarate.fr\/calendrier\/?cat_id%5B%5D=7\" target=\"_blank\" rel=\"noreferrer noopener\"><strong>FFKDA<\/strong><\/a> toutes les manifestations li\u00e9es au Karat\u00e9 en FRANCE.<\/p>\n<p><!-- \/wp:paragraph --><\/p>\n<p><!-- wp:paragraph --><\/p>\n<p>Nous proposons les activit\u00e9s suivantes :<\/p>\n<ul>\n<li>\n<p><strong>Karat\u00e9 Enfants primaire (de 6 \u00e0 11 ans)<\/strong> <em>(limitation du nombre d&rsquo;adh\u00e9rent : 30)<\/em><\/p>\n<\/li>\n<li>\n<p><strong>Karat\u00e9 Enfants coll\u00e8ge (de 11 \u00e0 14 ans) <\/strong> <em>(limitation du nombre d&rsquo;adh\u00e9rent : 30)<\/em><\/p>\n<\/li>\n<li>\n<p><strong>Karat\u00e9 Ados et Adultes<\/strong><\/p>\n<\/li>\n<li>\n<p><strong>Self-D\u00e9fense<\/strong><\/p>\n<\/li>\n<\/ul>\n<p><!-- \/wp:paragraph --><\/p>\n<p><!-- wp:paragraph --><\/p>\n<p><span style=\"text-decoration: underline;\"><strong>SAISON 2025 &#8211; 2026<\/strong><\/span><br \/>La saison va bient\u00f4t reprendre et toute l&rsquo;\u00e9quipe du KCP (Bureau et Professeur) ont h\u00e2te de vous retrouver.La reprise aura lieu \u00e0 partir du Lundi 8 septembre 2026 pour tous.<\/p>\n<p>Les horaires sont maintenus pour la nouvelle saison et vous retrouverez l&rsquo;ensemble de nos cours, horaires et tarifs dans le tableau ci-dessous.<\/p>\n<p>Tous les cours de Septembre 2025 sont ouverts afin de faire tester et connaitre nos sports au plus grand nombre.<\/p>\n<p>\u00a0<\/p>\n<p><span style=\"text-decoration: underline;\"><strong>Les dates de la saison 25-26 du KCP :<\/strong><\/span><\/p>\n<ul>\n<li>Lundi 8 septembre 2025 : <strong>reprise des cours pour tous<\/strong><\/li>\n<li>Inscription pour tous le jeudi 25 septembre de 18h30 \u00e0 20h30<\/li>\n<li>Stage dimanche 16 novembre 2025 : Stage avec Johan JOURDRIN \u00ab\u00a0du traditionnel au contact\u00a0\u00bb<\/li>\n<li>Vacances de la Toussaint du 18 octobre au 2 novembre 2025, reprise le lundi 3 novembre<\/li>\n<li>Jeudi 18 d\u00e9cembre\u00a0 2025 : dernier cours de l&rsquo;ann\u00e9e 2025 (vacances de No\u00ebl)<\/li>\n<li>Reprise 2026 le 5 janvier<\/li>\n<\/ul>\n<p><u><b>Planning actuel du KCP<\/b><\/u><\/p>\n<p>Suite a des bugs r\u00e9currents sur le tableau pr\u00e9sentant nos horaires et tarifs vous retrouverez toutes les informations sur une page nouvellement cr\u00e9\u00e9e \u00e0 ce lien : <a href=\"https:\/\/karateclubpazenais.fr\/index.php\/planning-et-tarifs\/\">Planning KCP<\/a><\/p>\n<p><!-- \/wp:paragraph --><\/p>\n<p><!-- wp:image {\"id\":283,\"width\":\"726px\",\"height\":\"auto\",\"sizeSlug\":\"full\",\"linkDestination\":\"none\"} --><\/p>\n<figure class=\"wp-block-image size-full is-resized\"><\/figure>\n<p><!-- \/wp:image --><\/p>\n<p><!-- wp:paragraph --><\/p>\n<p><!-- \/wp:paragraph --><\/p>\t\t\t\t\t\t\t\t<\/div>\n\t\t\t\t<\/div>\n\t\t\t\t\t<\/div>\n\t\t<\/div>\n\t\t\t\t\t<\/div>\n\t\t<\/section>\n\t\t\t\t<section class=\"elementor-section elementor-top-section elementor-element elementor-element-40c9666 elementor-section-boxed elementor-section-height-default elementor-section-height-default\" data-id=\"40c9666\" data-element_type=\"section\" data-e-type=\"section\">\n\t\t\t\t\t\t<div class=\"elementor-container elementor-column-gap-default\">\n\t\t\t\t\t<div class=\"elementor-column elementor-col-100 elementor-top-column elementor-element elementor-element-ffbebe9\" data-id=\"ffbebe9\" data-element_type=\"column\" data-e-type=\"column\">\n\t\t\t<div class=\"elementor-widget-wrap elementor-element-populated\">\n\t\t\t\t\t\t<div class=\"elementor-element elementor-element-6610036 elementor-widget elementor-widget-image\" data-id=\"6610036\" data-element_type=\"widget\" data-e-type=\"widget\" data-widget_type=\"image.default\">\n\t\t\t\t<div class=\"elementor-widget-container\">\n\t\t\t\t\t\t\t\t\t\t\t\t\t\t\t<img fetchpriority=\"high\" decoding=\"async\" width=\"768\" height=\"252\" src=\"https:\/\/karateclubpazenais.fr\/wp-content\/uploads\/2025\/08\/Planning-25-26-v2-768x252.webp\" class=\"attachment-medium_large size-medium_large wp-image-384\" alt=\"\" srcset=\"https:\/\/karateclubpazenais.fr\/wp-content\/uploads\/2025\/08\/Planning-25-26-v2-768x252.webp 768w, https:\/\/karateclubpazenais.fr\/wp-content\/uploads\/2025\/08\/Planning-25-26-v2-300x98.webp 300w, https:\/\/karateclubpazenais.fr\/wp-content\/uploads\/2025\/08\/Planning-25-26-v2-1024x336.webp 1024w, https:\/\/karateclubpazenais.fr\/wp-content\/uploads\/2025\/08\/Planning-25-26-v2.webp 1117w\" sizes=\"(max-width: 768px) 100vw, 768px\" \/>\t\t\t\t\t\t\t\t\t\t\t\t\t\t\t<\/div>\n\t\t\t\t<\/div>\n\t\t\t\t\t<\/div>\n\t\t<\/div>\n\t\t\t\t\t<\/div>\n\t\t<\/section>\n\t\t\t\t<\/div>\n\t\t","protected":false},"excerpt":{"rendered":"<p>Bienvenue \u00e0 tous au Karat\u00e9 Club Pazenais (KCP) Nous vous encourageons \u00e0 suivre la page de NEWS ou le FACEBOOK pour disposer des derni\u00e8res informations du KCP. Vous trouverez sur le site de la FFKDA toutes les manifestations li\u00e9es au Karat\u00e9 en FRANCE. Nous proposons les activit\u00e9s suivantes : Karat\u00e9 Enfants primaire (de 6 \u00e0 [&hellip;]<\/p>\n","protected":false},"author":1,"featured_media":0,"parent":0,"menu_order":0,"comment_status":"closed","ping_status":"closed","template":"elementor_theme","meta":{"footnotes":""},"class_list":["post-17","page","type-page","status-publish","hentry"],"yoast_head":"<!-- This site is optimized with the Yoast SEO plugin v27.5 - https:\/\/yoast.com\/product\/yoast-seo-wordpress\/ -->\n<title>Accueil - Karat\u00e9 Club Pazenais<\/title>\n<meta name=\"robots\" content=\"index, follow, max-snippet:-1, max-image-preview:large, max-video-preview:-1\" \/>\n<link rel=\"canonical\" href=\"https:\/\/karateclubpazenais.fr\/\" \/>\n<meta property=\"og:locale\" content=\"fr_FR\" \/>\n<meta property=\"og:type\" content=\"article\" \/>\n<meta property=\"og:title\" content=\"Accueil - Karat\u00e9 Club Pazenais\" \/>\n<meta property=\"og:description\" content=\"Bienvenue \u00e0 tous au Karat\u00e9 Club Pazenais (KCP) Nous vous encourageons \u00e0 suivre la page de NEWS ou le FACEBOOK pour disposer des derni\u00e8res informations du KCP. Vous trouverez sur le site de la FFKDA toutes les manifestations li\u00e9es au Karat\u00e9 en FRANCE. Nous proposons les activit\u00e9s suivantes : Karat\u00e9 Enfants primaire (de 6 \u00e0 [&hellip;]\" \/>\n<meta property=\"og:url\" content=\"https:\/\/karateclubpazenais.fr\/\" \/>\n<meta property=\"og:site_name\" content=\"Karat\u00e9 Club Pazenais\" \/>\n<meta property=\"article:publisher\" content=\"https:\/\/www.facebook.com\/p\/Karat-Club-Pazenais-100057447939303\/\" \/>\n<meta property=\"article:modified_time\" content=\"2025-09-03T13:02:09+00:00\" \/>\n<meta property=\"og:image\" content=\"http:\/\/karateclubpazenais.fr\/wp-content\/uploads\/2025\/08\/Planning-25-26-v2-768x252.webp\" \/>\n<meta name=\"twitter:card\" content=\"summary_large_image\" \/>\n<meta name=\"twitter:label1\" content=\"Dur\u00e9e de lecture estim\u00e9e\" \/>\n\t<meta name=\"twitter:data1\" content=\"2 minutes\" \/>\n<script type=\"application\/ld+json\" class=\"yoast-schema-graph\">{\"@context\":\"https:\\\/\\\/schema.org\",\"@graph\":[{\"@type\":\"WebPage\",\"@id\":\"https:\\\/\\\/karateclubpazenais.fr\\\/\",\"url\":\"https:\\\/\\\/karateclubpazenais.fr\\\/\",\"name\":\"Accueil - Karat\u00e9 Club Pazenais\",\"isPartOf\":{\"@id\":\"https:\\\/\\\/karateclubpazenais.fr\\\/#website\"},\"primaryImageOfPage\":{\"@id\":\"https:\\\/\\\/karateclubpazenais.fr\\\/#primaryimage\"},\"image\":{\"@id\":\"https:\\\/\\\/karateclubpazenais.fr\\\/#primaryimage\"},\"thumbnailUrl\":\"http:\\\/\\\/karateclubpazenais.fr\\\/wp-content\\\/uploads\\\/2025\\\/08\\\/Planning-25-26-v2-768x252.webp\",\"datePublished\":\"2023-07-28T09:23:41+00:00\",\"dateModified\":\"2025-09-03T13:02:09+00:00\",\"breadcrumb\":{\"@id\":\"https:\\\/\\\/karateclubpazenais.fr\\\/#breadcrumb\"},\"inLanguage\":\"fr-FR\",\"potentialAction\":[{\"@type\":\"ReadAction\",\"target\":[\"https:\\\/\\\/karateclubpazenais.fr\\\/\"]}]},{\"@type\":\"ImageObject\",\"inLanguage\":\"fr-FR\",\"@id\":\"https:\\\/\\\/karateclubpazenais.fr\\\/#primaryimage\",\"url\":\"http:\\\/\\\/karateclubpazenais.fr\\\/wp-content\\\/uploads\\\/2025\\\/08\\\/Planning-25-26-v2-768x252.webp\",\"contentUrl\":\"http:\\\/\\\/karateclubpazenais.fr\\\/wp-content\\\/uploads\\\/2025\\\/08\\\/Planning-25-26-v2-768x252.webp\"},{\"@type\":\"BreadcrumbList\",\"@id\":\"https:\\\/\\\/karateclubpazenais.fr\\\/#breadcrumb\",\"itemListElement\":[{\"@type\":\"ListItem\",\"position\":1,\"name\":\"Accueil\",\"item\":\"https:\\\/\\\/karateclubpazenais.fr\\\/\"},{\"@type\":\"ListItem\",\"position\":2,\"name\":\"Accueil\"}]},{\"@type\":\"WebSite\",\"@id\":\"https:\\\/\\\/karateclubpazenais.fr\\\/#website\",\"url\":\"https:\\\/\\\/karateclubpazenais.fr\\\/\",\"name\":\"Karat\u00e9 Club Pazenais\",\"description\":\"Bienvenue sur le site du KCP : Saison 2025-2026\",\"publisher\":{\"@id\":\"https:\\\/\\\/karateclubpazenais.fr\\\/#organization\"},\"potentialAction\":[{\"@type\":\"SearchAction\",\"target\":{\"@type\":\"EntryPoint\",\"urlTemplate\":\"https:\\\/\\\/karateclubpazenais.fr\\\/?s={search_term_string}\"},\"query-input\":{\"@type\":\"PropertyValueSpecification\",\"valueRequired\":true,\"valueName\":\"search_term_string\"}}],\"inLanguage\":\"fr-FR\"},{\"@type\":\"Organization\",\"@id\":\"https:\\\/\\\/karateclubpazenais.fr\\\/#organization\",\"name\":\"Karat\u00e9 Club Pazenais\",\"url\":\"https:\\\/\\\/karateclubpazenais.fr\\\/\",\"logo\":{\"@type\":\"ImageObject\",\"inLanguage\":\"fr-FR\",\"@id\":\"https:\\\/\\\/karateclubpazenais.fr\\\/#\\\/schema\\\/logo\\\/image\\\/\",\"url\":\"https:\\\/\\\/karateclubpazenais.fr\\\/wp-content\\\/uploads\\\/2023\\\/07\\\/KCP-banniere-2023-FULL-v2.0.webp\",\"contentUrl\":\"https:\\\/\\\/karateclubpazenais.fr\\\/wp-content\\\/uploads\\\/2023\\\/07\\\/KCP-banniere-2023-FULL-v2.0.webp\",\"width\":690,\"height\":80,\"caption\":\"Karat\u00e9 Club Pazenais\"},\"image\":{\"@id\":\"https:\\\/\\\/karateclubpazenais.fr\\\/#\\\/schema\\\/logo\\\/image\\\/\"},\"sameAs\":[\"https:\\\/\\\/www.facebook.com\\\/p\\\/Karat-Club-Pazenais-100057447939303\\\/\"]}]}<\/script>\n<!-- \/ Yoast SEO plugin. -->","yoast_head_json":{"title":"Accueil - Karat\u00e9 Club Pazenais","robots":{"index":"index","follow":"follow","max-snippet":"max-snippet:-1","max-image-preview":"max-image-preview:large","max-video-preview":"max-video-preview:-1"},"canonical":"https:\/\/karateclubpazenais.fr\/","og_locale":"fr_FR","og_type":"article","og_title":"Accueil - Karat\u00e9 Club Pazenais","og_description":"Bienvenue \u00e0 tous au Karat\u00e9 Club Pazenais (KCP) Nous vous encourageons \u00e0 suivre la page de NEWS ou le FACEBOOK pour disposer des derni\u00e8res informations du KCP. Vous trouverez sur le site de la FFKDA toutes les manifestations li\u00e9es au Karat\u00e9 en FRANCE. Nous proposons les activit\u00e9s suivantes : Karat\u00e9 Enfants primaire (de 6 \u00e0 [&hellip;]","og_url":"https:\/\/karateclubpazenais.fr\/","og_site_name":"Karat\u00e9 Club Pazenais","article_publisher":"https:\/\/www.facebook.com\/p\/Karat-Club-Pazenais-100057447939303\/","article_modified_time":"2025-09-03T13:02:09+00:00","og_image":[{"url":"http:\/\/karateclubpazenais.fr\/wp-content\/uploads\/2025\/08\/Planning-25-26-v2-768x252.webp","type":"","width":"","height":""}],"twitter_card":"summary_large_image","twitter_misc":{"Dur\u00e9e de lecture estim\u00e9e":"2 minutes"},"schema":{"@context":"https:\/\/schema.org","@graph":[{"@type":"WebPage","@id":"https:\/\/karateclubpazenais.fr\/","url":"https:\/\/karateclubpazenais.fr\/","name":"Accueil - Karat\u00e9 Club Pazenais","isPartOf":{"@id":"https:\/\/karateclubpazenais.fr\/#website"},"primaryImageOfPage":{"@id":"https:\/\/karateclubpazenais.fr\/#primaryimage"},"image":{"@id":"https:\/\/karateclubpazenais.fr\/#primaryimage"},"thumbnailUrl":"http:\/\/karateclubpazenais.fr\/wp-content\/uploads\/2025\/08\/Planning-25-26-v2-768x252.webp","datePublished":"2023-07-28T09:23:41+00:00","dateModified":"2025-09-03T13:02:09+00:00","breadcrumb":{"@id":"https:\/\/karateclubpazenais.fr\/#breadcrumb"},"inLanguage":"fr-FR","potentialAction":[{"@type":"ReadAction","target":["https:\/\/karateclubpazenais.fr\/"]}]},{"@type":"ImageObject","inLanguage":"fr-FR","@id":"https:\/\/karateclubpazenais.fr\/#primaryimage","url":"http:\/\/karateclubpazenais.fr\/wp-content\/uploads\/2025\/08\/Planning-25-26-v2-768x252.webp","contentUrl":"http:\/\/karateclubpazenais.fr\/wp-content\/uploads\/2025\/08\/Planning-25-26-v2-768x252.webp"},{"@type":"BreadcrumbList","@id":"https:\/\/karateclubpazenais.fr\/#breadcrumb","itemListElement":[{"@type":"ListItem","position":1,"name":"Accueil","item":"https:\/\/karateclubpazenais.fr\/"},{"@type":"ListItem","position":2,"name":"Accueil"}]},{"@type":"WebSite","@id":"https:\/\/karateclubpazenais.fr\/#website","url":"https:\/\/karateclubpazenais.fr\/","name":"Karat\u00e9 Club Pazenais","description":"Bienvenue sur le site du KCP : Saison 2025-2026","publisher":{"@id":"https:\/\/karateclubpazenais.fr\/#organization"},"potentialAction":[{"@type":"SearchAction","target":{"@type":"EntryPoint","urlTemplate":"https:\/\/karateclubpazenais.fr\/?s={search_term_string}"},"query-input":{"@type":"PropertyValueSpecification","valueRequired":true,"valueName":"search_term_string"}}],"inLanguage":"fr-FR"},{"@type":"Organization","@id":"https:\/\/karateclubpazenais.fr\/#organization","name":"Karat\u00e9 Club Pazenais","url":"https:\/\/karateclubpazenais.fr\/","logo":{"@type":"ImageObject","inLanguage":"fr-FR","@id":"https:\/\/karateclubpazenais.fr\/#\/schema\/logo\/image\/","url":"https:\/\/karateclubpazenais.fr\/wp-content\/uploads\/2023\/07\/KCP-banniere-2023-FULL-v2.0.webp","contentUrl":"https:\/\/karateclubpazenais.fr\/wp-content\/uploads\/2023\/07\/KCP-banniere-2023-FULL-v2.0.webp","width":690,"height":80,"caption":"Karat\u00e9 Club Pazenais"},"image":{"@id":"https:\/\/karateclubpazenais.fr\/#\/schema\/logo\/image\/"},"sameAs":["https:\/\/www.facebook.com\/p\/Karat-Club-Pazenais-100057447939303\/"]}]}},"_links":{"self":[{"href":"https:\/\/karateclubpazenais.fr\/index.php\/wp-json\/wp\/v2\/pages\/17","targetHints":{"allow":["GET"]}}],"collection":[{"href":"https:\/\/karateclubpazenais.fr\/index.php\/wp-json\/wp\/v2\/pages"}],"about":[{"href":"https:\/\/karateclubpazenais.fr\/index.php\/wp-json\/wp\/v2\/types\/page"}],"author":[{"embeddable":true,"href":"https:\/\/karateclubpazenais.fr\/index.php\/wp-json\/wp\/v2\/users\/1"}],"replies":[{"embeddable":true,"href":"https:\/\/karateclubpazenais.fr\/index.php\/wp-json\/wp\/v2\/comments?post=17"}],"version-history":[{"count":93,"href":"https:\/\/karateclubpazenais.fr\/index.php\/wp-json\/wp\/v2\/pages\/17\/revisions"}],"predecessor-version":[{"id":408,"href":"https:\/\/karateclubpazenais.fr\/index.php\/wp-json\/wp\/v2\/pages\/17\/revisions\/408"}],"wp:attachment":[{"href":"https:\/\/karateclubpazenais.fr\/index.php\/wp-json\/wp\/v2\/media?parent=17"}],"curies":[{"name":"wp","href":"https:\/\/api.w.org\/{rel}","templated":true}]}}